{"id":364,"date":"2017-08-16T04:54:59","date_gmt":"2017-08-16T04:54:59","guid":{"rendered":"http:\/\/localhost\/portal\/?page_id=364"},"modified":"2022-01-06T16:05:22","modified_gmt":"2022-01-06T21:05:22","slug":"inicio","status":"publish","type":"page","link":"https:\/\/www.redime.com.ec\/portal\/","title":{"rendered":"Inicio"},"content":{"rendered":"<p><section id=\"\" class=\"module\"><div class=\"container\"><div class=\"row\">\n\t<div class=\"col-md-12\">\n\t<h2 style=\"text-align: center;\"><span style=\"color: #000000;\">LA VISI\u00d3N COMPLETA QUE NECESITAS DE TU MARCA <\/span><span style=\"color: #000000;\"><span style=\"color: #ff5600;\">EN EL PUNTO DE VENTA<\/span><\/span><\/h2><p style=\"text-align: center; font-size: 22px;\">Con el apoyo de nuestra gesti\u00f3n<\/p><\/div>\n<\/div>\n\n<div class=\"row\">\n\t<div class=\"col-md-4\">\n\t<div class=\"icon-box icon-box-left\"><div class=\"icon-box-icon\"><span class=\"unycon unycon-shopping-cart-check\"><\/span><\/div><div class=\"icon-box-title\"><h6>Trade Marketing<\/h6><\/div><div class=\"icon-box-content\"><p>Trabajamos de manera acertada con estrategias de Trade Marketing que permitan generar demanda en el mercado, logrando as\u00ed incremento en las ventas.<\/p><\/div><\/div><\/div>\n<div class=\"col-md-4\">\n\t<div class=\"icon-box icon-box-left\"><div class=\"icon-box-icon\"><span class=\"unycon unycon-hand-cash\"><\/span><\/div><div class=\"icon-box-title\"><h6>Gesti\u00f3n Comercial<\/h6><\/div><div class=\"icon-box-content\"><p>Ofrecemos Gesti\u00f3n Comercial, con el objetivo de trabajar de manera conjunta en estrategias diferenciadoras, que agreguen valor en los ciclos de relacionamiento con los clientes y aumenten la competitividad.<\/p><\/div><\/div><\/div>\n<div class=\"col-md-4\">\n\t<div class=\"icon-box icon-box-left\"><div class=\"icon-box-icon\"><span class=\"unycon unycon-laptop-graph\"><\/span><\/div><div class=\"icon-box-title\"><h6>Desarrollo de Software<\/h6><\/div><div class=\"icon-box-content\"><p>Somos especialistas en desarrollar aplicaciones m\u00f3viles y web, utilizando altos est\u00e1ndares de programaci\u00f3n, con el prop\u00f3sito de apoyar en el cumplimiento de los objetivos de nuestros clientes.<\/p><\/div><\/div><\/div>\n<\/div>\n\n<\/div><\/section><section id=\"\" class=\"module p-t-0 p-b-0\"><div class=\"container-fluid\"><div class=\"row\">\n\t<div class=\"col-md-12\">\n\t<img decoding=\"async\" src=\"\/\/www.redime.com.ec\/portal\/wp-content\/uploads\/2022\/01\/20-anos.png\" alt=\"\/\/www.redime.com.ec\/portal\/wp-content\/uploads\/2022\/01\/20-anos.png\" \/><\/div>\n<\/div>\n\n<\/div><\/section><section id=\"\" class=\"module p-t-50 p-b-50 module-gray\"><div class=\"container-fluid\"><div class=\"row\">\n\t<div class=\"col-md-12\">\n\t<h2 style=\"text-align: center;\">NUESTRA TECNOLOG\u00cdA -\u00a0<span style=\"color: #ff5600;\">SISMI CRM<\/span><\/h2><p style=\"text-align: center;\">Software especializado para la ejecuci\u00f3n de tus estrategias de Trade Marketing en PDV.<\/p><div class=\"core-divider-space\" style=\"padding-top: 30px;\"><\/div><img decoding=\"async\" src=\"\/\/www.redime.com.ec\/portal\/wp-content\/uploads\/2021\/06\/COMPUTADORES-REDIME-2-1.png\" alt=\"\/\/www.redime.com.ec\/portal\/wp-content\/uploads\/2021\/06\/COMPUTADORES-REDIME-2-1.png\" \/><div class=\"core-divider-space\" style=\"padding-top: 30px;\"><\/div><h2 style=\"text-align: center;\">\u00bfERES PARTE DE <span style=\"color: #ff5600;\">NUESTROS CLIENTES?<\/span><\/h2><div class=\"text-center\"><a target=\"_blank\" href=\"http:\/\/sismi.redime.com.ec\/\" class=\"btn btn-sm btn-round btn-brand\">INGRESA AQU\u00cd<\/a><\/div><\/div>\n<\/div>\n\n<\/div><\/section><section id=\"\" class=\"module parallax bg-dark bg-dark-30\" data-background=\"http:\/\/www.redime.com.ec\/portal\/wp-content\/uploads\/2021\/06\/logistica-1-1.png\"><div class=\"container\"><div class=\"row\">\n\t<div class=\"col-md-3\">\n\t<div class=\"counter h6\"><div class=\"counter-number\"><div class=\"counter-timer\" data-from=\"0\" data-to=\"2658\">0<\/div><\/div><div class=\"counter-title\">Campa\u00f1as Ejecutadas<\/div><\/div><\/div>\n<div class=\"col-md-3\">\n\t<div class=\"counter h6\"><div class=\"counter-number\"><div class=\"counter-timer\" data-from=\"0\" data-to=\"1510589\">0<\/div><\/div><div class=\"counter-title\">Visitas<\/div><\/div><\/div>\n<div class=\"col-md-3\">\n\t<div class=\"counter h6\"><div class=\"counter-number\"><div class=\"counter-timer\" data-from=\"0\" data-to=\"182323\">0<\/div><\/div><div class=\"counter-title\">Establecimientos Visitados<\/div><\/div><\/div>\n<div class=\"col-md-3\">\n\t<div class=\"counter h6\"><div class=\"counter-number\"><div class=\"counter-timer\" data-from=\"0\" data-to=\"409\">0<\/div><\/div><div class=\"counter-title\">Parroquias Visitadas<\/div><\/div><\/div>\n<\/div>\n\n<\/div><\/section><section id=\"\" class=\"module p-t-100 p-b-70 module-divider-top\"><div class=\"container\"><div class=\"row\">\n\t<div class=\"col-md-12\">\n\t<div class=\"module-title text-center m-b-0\"><h2>\u00daLTIMOS PROYECTOS<\/h2><p class=\"font-serif m-b-0\">Conoce la tecnolog\u00eda que est\u00e1 revolucionando el Trade Marketing<\/p><\/div><\/div>\n<\/div>\n\n<\/div><\/section><section id=\"\" class=\"module p-t-0 p-b-0 module-divider-bottom\"><div class=\"container-fluid\">\r\n\t\r\n\t\t<div class=\"row row-portfolio-filter\">\r\n\t\t\t<div class=\"col-md-12\">\r\n\t\t\t\t<ul class=\"filters h5\" id=\"filters\">\r\n\r\n\t\t\t\t\t<li><a class=\"current\" href=\"#\" data-filter=\"*\">\r\n\t\t\t\t\t\tTodos\t\t\t\t\t<\/a><\/li>\r\n\r\n\t\t\t\t\t\t\t\t\t\t\t<li><a href=\"#\" data-filter=\".category_23\">\r\n\t\t\t\t\t\t\tGestion Comercial\t\t\t\t\t\t<\/a><\/li>\r\n\t\t\t\t\t\t\t\t\t\t\t<li><a href=\"#\" data-filter=\".category_31\">\r\n\t\t\t\t\t\t\tMerchandising\t\t\t\t\t\t<\/a><\/li>\r\n\t\t\t\t\t\t\t\t\t\t\t<li><a href=\"#\" data-filter=\".category_14\">\r\n\t\t\t\t\t\t\tTrade Marketing\t\t\t\t\t\t<\/a><\/li>\r\n\t\t\t\t\t\r\n\t\t\t\t<\/ul>\r\n\t\t\t<\/div>\r\n\t\t<\/div>\r\n\r\n\t\r\n\r\n\t<div class=\"row row-portfolio\" data-columns=\"3\" date-portfolio-type=\"standard\">\r\n\t\t<div class=\"grid-sizer\"><\/div>\r\n\r\n\t\t\r\n\t\t\t<div id=\"post-3152\" class=\"portfolio-item category_31 category_14 post-3152 fw-portfolio type-fw-portfolio status-publish has-post-thumbnail hentry fw-portfolio-category-merchandising fw-portfolio-category-trademarketing\">\r\n\t\t\t\t<div class=\"portfolio-wrapper\">\r\n\t\t\t\t\t<img fetchpriority=\"high\" decoding=\"async\" width=\"516\" height=\"360\" src=\"https:\/\/www.redime.com.ec\/portal\/wp-content\/uploads\/2021\/02\/deuna-1.png\" class=\"attachment-core-project-static size-core-project-static wp-post-image\" alt=\"\" srcset=\"https:\/\/www.redime.com.ec\/portal\/wp-content\/uploads\/2021\/02\/deuna-1.png 516w, https:\/\/www.redime.com.ec\/portal\/wp-content\/uploads\/2021\/02\/deuna-1-300x209.png 300w\" sizes=\"(max-width: 516px) 100vw, 516px\" \/>\t\t\t\t\t<div class=\"portfolio-overlay\"><\/div>\r\n\t\t\t\t<\/div>\r\n\t\t\t\t<div class=\"portfolio-caption\">\r\n\t\t\t\t\t<h5 class=\"portfolio-title\">BILLETERA DE UNA<\/h5>\r\n\t\t\t\t\t<div class=\"portfolio-subtitle font-serif\">\r\n\t\t\t\t\t\tMerchandising, Trade Marketing\t\t\t\t\t<\/div>\r\n\t\t\t\t<\/div>\r\n\t\t\t\t<a class=\"portfolio-link\" href=\"https:\/\/www.redime.com.ec\/portal\/proyecto\/billetera-de-una\/\"><\/a>\r\n\t\t\t<\/div>\r\n\r\n\t\t\r\n\t\t\t<div id=\"post-3154\" class=\"portfolio-item category_31 category_14 post-3154 fw-portfolio type-fw-portfolio status-publish has-post-thumbnail hentry fw-portfolio-category-merchandising fw-portfolio-category-trademarketing\">\r\n\t\t\t\t<div class=\"portfolio-wrapper\">\r\n\t\t\t\t\t<img decoding=\"async\" width=\"516\" height=\"360\" src=\"https:\/\/www.redime.com.ec\/portal\/wp-content\/uploads\/2021\/02\/gc_p-1.png\" class=\"attachment-core-project-static size-core-project-static wp-post-image\" alt=\"\" srcset=\"https:\/\/www.redime.com.ec\/portal\/wp-content\/uploads\/2021\/02\/gc_p-1.png 516w, https:\/\/www.redime.com.ec\/portal\/wp-content\/uploads\/2021\/02\/gc_p-1-300x209.png 300w\" sizes=\"(max-width: 516px) 100vw, 516px\" \/>\t\t\t\t\t<div class=\"portfolio-overlay\"><\/div>\r\n\t\t\t\t<\/div>\r\n\t\t\t\t<div class=\"portfolio-caption\">\r\n\t\t\t\t\t<h5 class=\"portfolio-title\">CONTACLESS<\/h5>\r\n\t\t\t\t\t<div class=\"portfolio-subtitle font-serif\">\r\n\t\t\t\t\t\tMerchandising, Trade Marketing\t\t\t\t\t<\/div>\r\n\t\t\t\t<\/div>\r\n\t\t\t\t<a class=\"portfolio-link\" href=\"https:\/\/www.redime.com.ec\/portal\/proyecto\/contacless\/\"><\/a>\r\n\t\t\t<\/div>\r\n\r\n\t\t\r\n\t\t\t<div id=\"post-3156\" class=\"portfolio-item category_23 post-3156 fw-portfolio type-fw-portfolio status-publish has-post-thumbnail hentry fw-portfolio-category-gestion-comercial\">\r\n\t\t\t\t<div class=\"portfolio-wrapper\">\r\n\t\t\t\t\t<img decoding=\"async\" width=\"516\" height=\"360\" src=\"https:\/\/www.redime.com.ec\/portal\/wp-content\/uploads\/2021\/02\/portada-proyecto-Gc-1.png\" class=\"attachment-core-project-static size-core-project-static wp-post-image\" alt=\"\" srcset=\"https:\/\/www.redime.com.ec\/portal\/wp-content\/uploads\/2021\/02\/portada-proyecto-Gc-1.png 516w, https:\/\/www.redime.com.ec\/portal\/wp-content\/uploads\/2021\/02\/portada-proyecto-Gc-1-300x209.png 300w\" sizes=\"(max-width: 516px) 100vw, 516px\" \/>\t\t\t\t\t<div class=\"portfolio-overlay\"><\/div>\r\n\t\t\t\t<\/div>\r\n\t\t\t\t<div class=\"portfolio-caption\">\r\n\t\t\t\t\t<h5 class=\"portfolio-title\">GESTI\u00d3N COMERCIAL<\/h5>\r\n\t\t\t\t\t<div class=\"portfolio-subtitle font-serif\">\r\n\t\t\t\t\t\tGestion Comercial\t\t\t\t\t<\/div>\r\n\t\t\t\t<\/div>\r\n\t\t\t\t<a class=\"portfolio-link\" href=\"https:\/\/www.redime.com.ec\/portal\/proyecto\/gestion-comercial\/\"><\/a>\r\n\t\t\t<\/div>\r\n\r\n\t\t\r\n\t\t\r\n\t<\/div>\r\n\r\n<\/div><\/section><section id=\"\" class=\"module p-t-60 p-b-60\"><div class=\"container\"><div class=\"row\">\n\t<div class=\"col-md-12\">\n\t<div class=\"module-title text-center m-b-0\"><h2>Blog<\/h2><\/div><\/div>\n<\/div>\n\n<\/div><\/section><section id=\"\" class=\"module p-t-20 p-b-40 module-divider-bottom\"><div class=\"container\"><div class=\"row\"><div class=\"col-lg-12\">\r\n\t<div class=\"row blog-masonry\">\r\n\r\n\t\t\r\n\t\t\t\r\n\t\t\t\t<div class=\"col-md-6 col-lg-4 post-item\">\r\n\r\n\t\t\t\t\t<article id=\"post-5180\" class=\"post-5180 post type-post status-publish format-standard has-post-thumbnail hentry category-uncategorized\">\r\n\r\n\t\t\t<div class=\"post-preview\">\r\n\t\t\t<a href=\"https:\/\/www.redime.com.ec\/portal\/crecimiento-del-canal-moderno-en-ecuador-redefine-la-ejecucion-de-estrategias-comerciales\/\"><img loading=\"lazy\" decoding=\"async\" width=\"1024\" height=\"576\" src=\"https:\/\/www.redime.com.ec\/portal\/wp-content\/uploads\/2026\/03\/perchas-1024x576.jpg\" class=\"attachment-large size-large wp-post-image\" alt=\"\" srcset=\"https:\/\/www.redime.com.ec\/portal\/wp-content\/uploads\/2026\/03\/perchas-1024x576.jpg 1024w, https:\/\/www.redime.com.ec\/portal\/wp-content\/uploads\/2026\/03\/perchas-300x169.jpg 300w, https:\/\/www.redime.com.ec\/portal\/wp-content\/uploads\/2026\/03\/perchas-768x432.jpg 768w, https:\/\/www.redime.com.ec\/portal\/wp-content\/uploads\/2026\/03\/perchas-770x433.jpg 770w, https:\/\/www.redime.com.ec\/portal\/wp-content\/uploads\/2026\/03\/perchas.jpg 1200w\" sizes=\"(max-width: 1024px) 100vw, 1024px\" \/><\/a>\r\n\t\t<\/div>\r\n\t\r\n\t<div class=\"post-wrapper\">\r\n\t\t<div class=\"post-header\">\r\n\t\t\t<h2 class=\"post-title\"><a href=\"https:\/\/www.redime.com.ec\/portal\/crecimiento-del-canal-moderno-en-ecuador-redefine-la-ejecucion-de-estrategias-comerciales\/\">Crecimiento del canal moderno en Ecuador redefine la ejecuci\u00f3n de estrategias comerciales<\/a><\/h2>\r\n\t\t\t<ul class=\"post-meta h5\">\r\n\t\t\t\t<li>18 marzo, 2026<\/li>\r\n\t\t\t<\/ul>\r\n\t\t<\/div>\r\n\t\t<div class=\"post-content\">\r\n\t\t\t<p>El canal moderno en Ecuador contin\u00faa ganando relevancia dentro del ecosistema de consumo, impulsado por la expansi\u00f3n de cadenas de supermercados, tiendas de conveniencia y formatos h\u00edbridos que combinan retail f\u00edsico con experiencias digitales. De acuerdo con an\u00e1lisis de la C\u00e1mara de Comercio de Quito, junto con estudios de Kantar y NielsenIQ, el comportamiento del&hellip;<\/p>\n\t\t<\/div>\r\n\t\t<div class=\"post-more\">\r\n\t\t\t<a href=\"https:\/\/www.redime.com.ec\/portal\/crecimiento-del-canal-moderno-en-ecuador-redefine-la-ejecucion-de-estrategias-comerciales\/\">Leer m\u00e1s &rarr;<\/a>\r\n\t\t<\/div>\r\n\t<\/div>\r\n<\/article>\r\n\r\n\t\t\t\t<\/div>\r\n\r\n\t\t\t\r\n\t\t\t\t<div class=\"col-md-6 col-lg-4 post-item\">\r\n\r\n\t\t\t\t\t<article id=\"post-4334\" class=\"post-4334 post type-post status-publish format-standard has-post-thumbnail hentry category-uncategorized\">\r\n\r\n\t\t\t<div class=\"post-preview\">\r\n\t\t\t<a href=\"https:\/\/www.redime.com.ec\/portal\/el-seguimiento-de-leads-clave-para-el-exito-en-el-trade-marketing\/\"><img loading=\"lazy\" decoding=\"async\" width=\"1024\" height=\"578\" src=\"https:\/\/www.redime.com.ec\/portal\/wp-content\/uploads\/2024\/11\/there-is-person-suit-shopping-cart-some-graphs-that-look-like-stock-market-data-1024x578.jpg\" class=\"attachment-large size-large wp-post-image\" alt=\"\" srcset=\"https:\/\/www.redime.com.ec\/portal\/wp-content\/uploads\/2024\/11\/there-is-person-suit-shopping-cart-some-graphs-that-look-like-stock-market-data-1024x578.jpg 1024w, https:\/\/www.redime.com.ec\/portal\/wp-content\/uploads\/2024\/11\/there-is-person-suit-shopping-cart-some-graphs-that-look-like-stock-market-data-300x169.jpg 300w, https:\/\/www.redime.com.ec\/portal\/wp-content\/uploads\/2024\/11\/there-is-person-suit-shopping-cart-some-graphs-that-look-like-stock-market-data-768x434.jpg 768w, https:\/\/www.redime.com.ec\/portal\/wp-content\/uploads\/2024\/11\/there-is-person-suit-shopping-cart-some-graphs-that-look-like-stock-market-data-1536x867.jpg 1536w, https:\/\/www.redime.com.ec\/portal\/wp-content\/uploads\/2024\/11\/there-is-person-suit-shopping-cart-some-graphs-that-look-like-stock-market-data-2048x1157.jpg 2048w, https:\/\/www.redime.com.ec\/portal\/wp-content\/uploads\/2024\/11\/there-is-person-suit-shopping-cart-some-graphs-that-look-like-stock-market-data-770x435.jpg 770w\" sizes=\"(max-width: 1024px) 100vw, 1024px\" \/><\/a>\r\n\t\t<\/div>\r\n\t\r\n\t<div class=\"post-wrapper\">\r\n\t\t<div class=\"post-header\">\r\n\t\t\t<h2 class=\"post-title\"><a href=\"https:\/\/www.redime.com.ec\/portal\/el-seguimiento-de-leads-clave-para-el-exito-en-el-trade-marketing\/\">El Seguimiento de Leads: Clave para el \u00c9xito en el Trade Marketing<\/a><\/h2>\r\n\t\t\t<ul class=\"post-meta h5\">\r\n\t\t\t\t<li>12 noviembre, 2024<\/li>\r\n\t\t\t<\/ul>\r\n\t\t<\/div>\r\n\t\t<div class=\"post-content\">\r\n\t\t\t<p>Descubre la importancia del seguimiento de leads en el trade marketing y c\u00f3mo implementarlo para maximizar tus oportunidades de negocio. \u00a1Sigue leyendo para m\u00e1s informaci\u00f3n!\u00bb El seguimiento de leads es un componente esencial del trade marketing que ayuda a las empresas a maximizar sus oportunidades de negocio. Un proceso efectivo de seguimiento asegura que ning\u00fan&hellip;<\/p>\n\t\t<\/div>\r\n\t\t<div class=\"post-more\">\r\n\t\t\t<a href=\"https:\/\/www.redime.com.ec\/portal\/el-seguimiento-de-leads-clave-para-el-exito-en-el-trade-marketing\/\">Leer m\u00e1s &rarr;<\/a>\r\n\t\t<\/div>\r\n\t<\/div>\r\n<\/article>\r\n\r\n\t\t\t\t<\/div>\r\n\r\n\t\t\t\r\n\t\t\t\t<div class=\"col-md-6 col-lg-4 post-item\">\r\n\r\n\t\t\t\t\t<article id=\"post-4329\" class=\"post-4329 post type-post status-publish format-standard has-post-thumbnail hentry category-uncategorized\">\r\n\r\n\t\t\t<div class=\"post-preview\">\r\n\t\t\t<a href=\"https:\/\/www.redime.com.ec\/portal\/maximizando-el-roi-en-trade-marketing-estrategias-y-herramientas-efectivas\/\"><img loading=\"lazy\" decoding=\"async\" width=\"1024\" height=\"598\" src=\"https:\/\/www.redime.com.ec\/portal\/wp-content\/uploads\/2024\/11\/trade-swap-deal-exchange-merchandise-commerce-concept-1-1024x598.jpg\" class=\"attachment-large size-large wp-post-image\" alt=\"\" srcset=\"https:\/\/www.redime.com.ec\/portal\/wp-content\/uploads\/2024\/11\/trade-swap-deal-exchange-merchandise-commerce-concept-1-1024x598.jpg 1024w, https:\/\/www.redime.com.ec\/portal\/wp-content\/uploads\/2024\/11\/trade-swap-deal-exchange-merchandise-commerce-concept-1-300x175.jpg 300w, https:\/\/www.redime.com.ec\/portal\/wp-content\/uploads\/2024\/11\/trade-swap-deal-exchange-merchandise-commerce-concept-1-768x449.jpg 768w, https:\/\/www.redime.com.ec\/portal\/wp-content\/uploads\/2024\/11\/trade-swap-deal-exchange-merchandise-commerce-concept-1-1536x897.jpg 1536w, https:\/\/www.redime.com.ec\/portal\/wp-content\/uploads\/2024\/11\/trade-swap-deal-exchange-merchandise-commerce-concept-1-2048x1196.jpg 2048w, https:\/\/www.redime.com.ec\/portal\/wp-content\/uploads\/2024\/11\/trade-swap-deal-exchange-merchandise-commerce-concept-1-770x450.jpg 770w\" sizes=\"(max-width: 1024px) 100vw, 1024px\" \/><\/a>\r\n\t\t<\/div>\r\n\t\r\n\t<div class=\"post-wrapper\">\r\n\t\t<div class=\"post-header\">\r\n\t\t\t<h2 class=\"post-title\"><a href=\"https:\/\/www.redime.com.ec\/portal\/maximizando-el-roi-en-trade-marketing-estrategias-y-herramientas-efectivas\/\">Maximizando el ROI en Trade Marketing: Estrategias y Herramientas Efectivas<\/a><\/h2>\r\n\t\t\t<ul class=\"post-meta h5\">\r\n\t\t\t\t<li>5 noviembre, 2024<\/li>\r\n\t\t\t<\/ul>\r\n\t\t<\/div>\r\n\t\t<div class=\"post-content\">\r\n\t\t\t<p>Trade Swap Deal Exchange Merchandise Commerce Concept Aprende a maximizar el retorno de inversi\u00f3n (ROI) en tus estrategias de trade marketing con nuestras recomendaciones y herramientas efectivas. \u00a1Lee el blog completo para descubrir c\u00f3mo mejorar tu ROI Maximizar el retorno de inversi\u00f3n (ROI) es crucial para la efectividad de las estrategias de trade marketing. Asegurarse&hellip;<\/p>\n\t\t<\/div>\r\n\t\t<div class=\"post-more\">\r\n\t\t\t<a href=\"https:\/\/www.redime.com.ec\/portal\/maximizando-el-roi-en-trade-marketing-estrategias-y-herramientas-efectivas\/\">Leer m\u00e1s &rarr;<\/a>\r\n\t\t<\/div>\r\n\t<\/div>\r\n<\/article>\r\n\r\n\t\t\t\t<\/div>\r\n\r\n\t\t\t\r\n\t\t\t\r\n\t\t\r\n\t<\/div>\r\n<\/div>\r\n<\/div><\/div><\/section><section id=\"\" class=\"module p-t-60 p-b-60 module-gray\"><div class=\"container\"><div class=\"row\">\n\t<div class=\"col-md-12\">\n\t<h2 style=\"text-align: center;\"><span style=\"color: #ff5600;\">Apoyamos en el proceso de promoci\u00f3n, con acciones y estrategias que permitan identificar el espacio adecuado para tu marca.<\/span><\/h2><div class=\"text-center\"><a target=\"_blank\" href=\"https:\/\/www.redime.com.ec\/portal\/contact\/\" class=\"btn btn-md btn-round btn-brand\">Cont\u00e1ctanos<\/a><\/div><\/div>\n<\/div>\n\n<\/div><\/section><section id=\"\" class=\"module parallax bg-dark bg-dark-60\" data-background=\"http:\/\/www.redime.com.ec\/portal\/wp-content\/uploads\/2021\/06\/bg_t-1.png\"><div class=\"container\"><div class=\"row\">\n\t<div class=\"col-md-12\">\n\t<h2 style=\"text-align: center;\">\u00bfQU\u00c9 OPINAN NUESTROS CLIENTES?<\/h2><\/div>\n<\/div>\n\n<div class=\"row\">\n\t<div class=\"col-md-12\">\n\t<div class=\"owl-carousel tms-carousel\"><div class=\"testimonials-card\"><div class=\"testimonials-card-photo\"><\/div><div class=\"testimonials-card-content\"><p class=\"font-serif\">He contratado los servicios de REDIME desde el a\u00f1o 2002 y siempre han cumplido con todo los requerimientos solicitados con total responsabilidad. Es una empresa con una gran trayectoria, que ofrecen servicios de excelente calidad. 100% recomendados.<\/p><\/div><div class=\"testimonials-card-author\"><h4>Juan Jos\u00e9 Gomez Z.<\/h4><p>Gerente Comercial y Marketing Oster Ecuador<\/p><\/div><\/div><div class=\"testimonials-card\"><div class=\"testimonials-card-photo\"><\/div><div class=\"testimonials-card-content\"><p class=\"font-serif\">Redime ha demostrado ser un aliado estrat\u00e9gico para las actividades promocionales de la marca Pony Malta.\r\nEl nivel de proactividad y valor agregado con el que ofreci\u00f3 sus servicios fueron totalmente ejecutados.\r\nEsto, junto al profesionalismo con el que ejecut\u00f3 su servicio ha hecho que Cervecer\u00eda Nacional lo considere repetidas veces para actividades de la marca.<\/p><\/div><div class=\"testimonials-card-author\"><h4>Andres Bassante<\/h4><p>Jefe de Marca de Pony Malta<\/p><\/div><\/div><div class=\"testimonials-card\"><div class=\"testimonials-card-photo\"><\/div><div class=\"testimonials-card-content\"><p class=\"font-serif\">Durante los a\u00f1os de servicio que pude estar con esta empresa, demostr\u00f3 siempre su enfoque de atenci\u00f3n y buen servicio apoyando de manera importante en el desarrollo comercial, aportando as\u00ed a mejorar los indicadores monetarios del producto Medios de Pago. Con gusto recomendar\u00eda trabajar con Redime.<\/p><\/div><div class=\"testimonials-card-author\"><h4>Danny Zurita P.<\/h4><p>Jefe Nacional Comercial Medios de Pago Banco Pichincha<\/p><\/div><\/div><\/div><\/div>\n<\/div>\n\n<\/div><\/section><\/p>\n","protected":false},"excerpt":{"rendered":"<p>Trade Swap Deal Exchange Merchandise Commerce Concept Aprende a maximizar el retorno de inversi\u00f3n (ROI) en tus estrategias de trade marketing con nuestras recomendaciones y herramientas efectivas. \u00a1Lee el blog completo para descubrir c\u00f3mo mejorar tu ROI Maximizar el retorno de inversi\u00f3n (ROI) es crucial para la efectividad de las estrategias de trade marketing. Asegurarse&hellip;<\/p>\n","protected":false},"author":4,"featured_media":0,"parent":0,"menu_order":0,"comment_status":"closed","ping_status":"closed","template":"","meta":{"_seopress_robots_primary_cat":"","_seopress_titles_title":"","_seopress_titles_desc":"","_seopress_robots_index":"","rs_blank_template":"","rs_page_bg_color":"","slide_template_v7":"","footnotes":""},"class_list":["post-364","page","type-page","status-publish","hentry"],"_links":{"self":[{"href":"https:\/\/www.redime.com.ec\/portal\/wp-json\/wp\/v2\/pages\/364","targetHints":{"allow":["GET"]}}],"collection":[{"href":"https:\/\/www.redime.com.ec\/portal\/wp-json\/wp\/v2\/pages"}],"about":[{"href":"https:\/\/www.redime.com.ec\/portal\/wp-json\/wp\/v2\/types\/page"}],"author":[{"embeddable":true,"href":"https:\/\/www.redime.com.ec\/portal\/wp-json\/wp\/v2\/users\/4"}],"replies":[{"embeddable":true,"href":"https:\/\/www.redime.com.ec\/portal\/wp-json\/wp\/v2\/comments?post=364"}],"version-history":[{"count":97,"href":"https:\/\/www.redime.com.ec\/portal\/wp-json\/wp\/v2\/pages\/364\/revisions"}],"predecessor-version":[{"id":4231,"href":"https:\/\/www.redime.com.ec\/portal\/wp-json\/wp\/v2\/pages\/364\/revisions\/4231"}],"wp:attachment":[{"href":"https:\/\/www.redime.com.ec\/portal\/wp-json\/wp\/v2\/media?parent=364"}],"curies":[{"name":"wp","href":"https:\/\/api.w.org\/{rel}","templated":true}]}}