{"id":2911,"date":"2021-02-10T00:45:29","date_gmt":"2021-02-10T00:45:29","guid":{"rendered":"http:\/\/www.redime.com.ec\/portal\/?page_id=2911"},"modified":"2021-06-23T18:02:03","modified_gmt":"2021-06-23T23:02:03","slug":"trade-marketing","status":"publish","type":"page","link":"https:\/\/www.redime.com.ec\/portal\/trade-marketing\/","title":{"rendered":"Trade Marketing"},"content":{"rendered":"<p><section id=\"\" class=\"module p-t-0 p-b-0\"><div class=\"container\"><div class=\"row\">\n\t<div class=\"col-md-12\">\n\t<div class=\"core-divider-space\" style=\"padding-top: 80px;\"><\/div><\/div>\n<\/div>\n\n<div class=\"row\">\n\t<div class=\"col-md-6\">\n\t<div class=\"video-wrapper shortcode-container\">\n\t<iframe title=\"Redime L\u00edderes en Trade Marketing\" width=\"300\" height=\"169\" src=\"https:\/\/www.youtube.com\/embed\/9t8ug-Eu-bk?feature=oembed\" frameborder=\"0\" allow=\"accelerometer; autoplay; clipboard-write; encrypted-media; gyroscope; picture-in-picture\" allowfullscreen><\/iframe><\/div>\n<\/div>\n<div class=\"col-md-6\">\n\t<div class=\"core-divider-space\" style=\"padding-top: 5px;\"><\/div><h2 style=\"text-align: left;\"><span style=\"color: #ff5600;\"><span style=\"color: #000000;\">\u00bfTu producto existe pero los<\/span> consumidores no lo conocen? <\/span><\/h2><p style=\"text-align: left;\">El Trade Marketing es esencial a la hora de comercializar tus productos a mayoristas, distribuidores y minoristas; teniendo como principal objetivo el aumento y mejora de las ventas en establecimientos, optimizar la rotaci\u00f3n del producto, impulsar y acelerar el consumo por parte de los clientes mediante la aplicaci\u00f3n de estrategias adecuadas de publicidad, promoci\u00f3n y presentaci\u00f3n del producto en PDV. Por lo tanto, en REDIME trabajamos de manera acertada con estrategias de Trade Marketing que permitan generar demanda en el mercado, logrando as\u00ed incremento en las ventas.<\/p><\/div>\n<\/div>\n\n<div class=\"row\">\n\t<div class=\"col-md-12\">\n\t<div class=\"core-divider-space\" style=\"padding-top: 70px;\"><\/div><\/div>\n<\/div>\n\n<\/div><\/section><section id=\"\" class=\"module p-t-0 p-b-0 module-gray\"><div class=\"container\"><div class=\"row\">\n\t<div class=\"col-md-12\">\n\t<div class=\"core-divider-space\" style=\"padding-top: 50px;\"><\/div><\/div>\n<\/div>\n\n<div class=\"row\">\n\t<div class=\"col-md-12\">\n\t<h2 style=\"text-align: center;\"><span style=\"color: #000000;\">\u00bfC\u00d3MO IMPLEMENTAMOS EXITOSAMENTE EL<\/span>\u00a0<span style=\"color: #ff5600;\">TRADE MARKETING?<\/span><\/h2><p style=\"text-align: center;\">Estrategias y acciones con las que trabajamos.<\/p><\/div>\n<\/div>\n\n<div class=\"row\">\n\t<div class=\"col-md-3\">\n\t<div class=\"icon-box text-center\"><div class=\"icon-box-icon\"><img decoding=\"async\" class=\"p-b-20\" src=\"http:\/\/www.redime.com.ec\/portal\/wp-content\/uploads\/2021\/06\/pop2.png\" alt=\"\"><\/div><div class=\"icon-box-title\"><h6>Instalaci\u00f3n de material POP<\/h6><\/div><div class=\"icon-box-content\"><p>Gestionamos e instalamos el material publicitario en los espacio adecuados para lograr visibilidad de marca y de las promociones de tu empresa.<\/p><\/div><\/div><\/div>\n<div class=\"col-md-3\">\n\t<div class=\"icon-box text-center\"><div class=\"icon-box-icon\"><img decoding=\"async\" class=\"p-b-20\" src=\"http:\/\/www.redime.com.ec\/portal\/wp-content\/uploads\/2021\/06\/pdv.png\" alt=\"\"><\/div><div class=\"icon-box-title\"><h6>Cobertura de campa\u00f1as en PDV<\/h6><\/div><div class=\"icon-box-content\"><p>Contamos con las mejores herramientas para gestionar y ejecutar las campa\u00f1as que nuestros clientes requieran.<\/p><\/div><\/div><\/div>\n<div class=\"col-md-3\">\n\t<div class=\"icon-box text-center\"><div class=\"icon-box-icon\"><img decoding=\"async\" class=\"p-b-20\" src=\"http:\/\/www.redime.com.ec\/portal\/wp-content\/uploads\/2021\/06\/encuestas.png\" alt=\"\"><\/div><div class=\"icon-box-title\"><h6>Aplicaci\u00f3n de encuestas<\/h6><\/div><div class=\"icon-box-content\"><p>Nos encontramos en la capacidad de realizar encuestas en cada visita para obtener informaci\u00f3n valiosa para tu empresa.<\/p><\/div><\/div><\/div>\n<div class=\"col-md-3\">\n\t<div class=\"icon-box text-center\"><div class=\"icon-box-icon\"><img decoding=\"async\" class=\"p-b-20\" src=\"http:\/\/www.redime.com.ec\/portal\/wp-content\/uploads\/2021\/06\/info.jpg\" alt=\"\"><\/div><div class=\"icon-box-title\"><h6>Levantamiento de informaci\u00f3n<\/h6><\/div><div class=\"icon-box-content\"><p>Nuestro personal est\u00e1 capacitado para levantar informaci\u00f3n requerida en cada establecimiento visitado; informaci\u00f3n que ser\u00e1 almacenada en nuestro sistema.<\/p><\/div><\/div><\/div>\n<\/div>\n\n<div class=\"row\">\n\t<div class=\"col-md-3\">\n\t<div class=\"icon-box text-center\"><div class=\"icon-box-icon\"><img decoding=\"async\" class=\"p-b-20\" src=\"http:\/\/www.redime.com.ec\/portal\/wp-content\/uploads\/2021\/06\/geomarketing3-1.png\" alt=\"\"><\/div><div class=\"icon-box-title\"><h6>Geomarketing<\/h6><\/div><div class=\"icon-box-content\"><p>Aportamos informaci\u00f3n para la toma de decisiones de su negocio apoyadas en la variables georreferenciales.<\/p><\/div><\/div><\/div>\n<div class=\"col-md-3\">\n\t<div class=\"icon-box text-center\"><div class=\"icon-box-icon\"><img decoding=\"async\" class=\"p-b-20\" src=\"http:\/\/www.redime.com.ec\/portal\/wp-content\/uploads\/2021\/02\/oster3.png\" alt=\"\"><\/div><div class=\"icon-box-title\"><h6>Actividades promocionales<\/h6><\/div><div class=\"icon-box-content\"><p>Apoyamos a nuestros clientes en la ejecuci\u00f3n de eventos puntuales en los que requiera gran capacidad log\u00edstica y activaciones de marca.<\/p><\/div><\/div><\/div>\n<div class=\"col-md-3\">\n\t<div class=\"icon-box text-center\"><div class=\"icon-box-icon\"><img decoding=\"async\" class=\"p-b-20\" src=\"http:\/\/www.redime.com.ec\/portal\/wp-content\/uploads\/2021\/06\/servicio-imp-3.png\" alt=\"\"><\/div><div class=\"icon-box-title\"><h6>Impulsaci\u00f3n de Marca<\/h6><\/div><div class=\"icon-box-content\"><p>Contamos con personal capacitado, con experiencia en promover e impulsar productos y marcas en PDV. Nuestro objetivo es lograr una excelente experiencia y servicio para el consumidor final. <\/p><\/div><\/div><\/div>\n<div class=\"col-md-3\">\n\t<div class=\"icon-box text-center\"><div class=\"icon-box-icon\"><img decoding=\"async\" class=\"p-b-20\" src=\"http:\/\/www.redime.com.ec\/portal\/wp-content\/uploads\/2021\/06\/instalacion.png\" alt=\"\"><\/div><div class=\"icon-box-title\"><h6>Merchandising<\/h6><\/div><div class=\"icon-box-content\"><p>Nos encargamos de implementar las actividades de merchandising que requiera tu marca en el PDV. Nuestro prop\u00f3sito es aportar de manera proactiva para impactar de manera clara y directa en los clientes.<\/p><\/div><\/div><\/div>\n<\/div>\n\n<div class=\"row\">\n\t<div class=\"col-md-3\">\n\t<div class=\"icon-box text-center\"><div class=\"icon-box-icon\"><img decoding=\"async\" class=\"p-b-20\" src=\"http:\/\/www.redime.com.ec\/portal\/wp-content\/uploads\/2021\/06\/bodega2.jpg\" alt=\"\"><\/div><div class=\"icon-box-title\"><h6>Gesti\u00f3n y control de stock<\/h6><\/div><div class=\"icon-box-content\"><p>Con el apoyo de herramientas desarrolladas por nosotros, nos encargamos de identificar y controlar el stock de tu productos de PDV. Esta informaci\u00f3n se notifica para que tu empresa pueda gestionarlo y evitar quiebres de stock.<\/p><\/div><\/div><\/div>\n<div class=\"col-md-3\">\n\t<div class=\"icon-box text-center\"><div class=\"icon-box-icon\"><img decoding=\"async\" class=\"p-b-20\" src=\"http:\/\/www.redime.com.ec\/portal\/wp-content\/uploads\/2021\/06\/percha-1.png\" alt=\"\"><\/div><div class=\"icon-box-title\"><h6>Visibilidad del producto en percha<\/h6><\/div><div class=\"icon-box-content\"><p>Nos encargamos de ubicar a tu marca en el espacio adecuado, siguiendo t\u00e9cnicas que permitan trasmitir un mensaje visual y generen impacto en los compradores.<\/p><\/div><\/div><\/div>\n<div class=\"col-md-3\">\n\t<div class=\"icon-box text-center\"><div class=\"icon-box-icon\"><img decoding=\"async\" class=\"p-b-20\" src=\"http:\/\/www.redime.com.ec\/portal\/wp-content\/uploads\/2021\/06\/prog_dep.png\" alt=\"\"><\/div><div class=\"icon-box-title\"><h6>Manejo de programas de incentivos<\/h6><\/div><div class=\"icon-box-content\"><p>Contamos con la capacidad para manejar programas de incentivos que permitan fidelizar al vendedor o dependiente. Trabajamos en todo el proceso, para cumplir con los objetivos del programa.<\/p><\/div><\/div><\/div>\n<div class=\"col-md-3\">\n\t<div class=\"icon-box text-center\"><div class=\"icon-box-icon\"><img decoding=\"async\" class=\"p-b-20\" src=\"http:\/\/www.redime.com.ec\/portal\/wp-content\/uploads\/2021\/06\/capacitac-1.png\" alt=\"\"><\/div><div class=\"icon-box-title\"><h6>Capacitaciones en PDV<\/h6><\/div><div class=\"icon-box-content\"><p>Una parte muy importante dentro del Trade Marketing, sin duda es que el personal del punto de venta est\u00e9 capacitado acerca de los beneficios y promociones de la marca. Nos encargamos de ejecutar esta estrategia que permitir\u00e1 impulsar ventas y generar relaci\u00f3n con el establecimiento y\/o vendedor.<\/p><\/div><\/div><\/div>\n<\/div>\n\n<\/div><\/section><section id=\"\" class=\"module p-t-25 p-b-105\"><div class=\"container\"><div class=\"row\">\n\t<div class=\"col-md-6\">\n\t<div class=\"video-wrapper shortcode-container\">\n\t<iframe title=\"Impulsaci\u00f3n de marca con Redime\" width=\"300\" height=\"169\" src=\"https:\/\/www.youtube.com\/embed\/yuVMp-kN4sw?feature=oembed\" frameborder=\"0\" allow=\"accelerometer; autoplay; clipboard-write; encrypted-media; gyroscope; picture-in-picture\" allowfullscreen><\/iframe><\/div>\n<\/div>\n<div class=\"col-md-6\">\n\t<div class=\"core-divider-space\" style=\"padding-top: 20px;\"><\/div><h2 style=\"text-align: left;\">\u00bfQuieres impulsar tu marca? Trabaja con acciones que permitan <span style=\"color: #ff5600;\">promocionar tu negocio desde el punto de venta.<\/span><\/h2><\/div>\n<\/div>\n\n<\/div><\/section><\/p>\n","protected":false},"excerpt":{"rendered":"<p>\u00bfTu producto existe pero los consumidores no lo conocen? El Trade Marketing es esencial a la hora de comercializar tus productos a mayoristas, distribuidores y minoristas; teniendo como principal objetivo el aumento y mejora de las ventas en establecimientos, optimizar la rotaci\u00f3n del producto, impulsar y acelerar el consumo por parte de los clientes mediante&hellip;<\/p>\n","protected":false},"author":4,"featured_media":0,"parent":0,"menu_order":0,"comment_status":"closed","ping_status":"closed","template":"","meta":{"_seopress_robots_primary_cat":"","_seopress_titles_title":"","_seopress_titles_desc":"","_seopress_robots_index":"","rs_blank_template":"","rs_page_bg_color":"","slide_template_v7":"","footnotes":""},"class_list":["post-2911","page","type-page","status-publish","hentry"],"_links":{"self":[{"href":"https:\/\/www.redime.com.ec\/portal\/wp-json\/wp\/v2\/pages\/2911","targetHints":{"allow":["GET"]}}],"collection":[{"href":"https:\/\/www.redime.com.ec\/portal\/wp-json\/wp\/v2\/pages"}],"about":[{"href":"https:\/\/www.redime.com.ec\/portal\/wp-json\/wp\/v2\/types\/page"}],"author":[{"embeddable":true,"href":"https:\/\/www.redime.com.ec\/portal\/wp-json\/wp\/v2\/users\/4"}],"replies":[{"embeddable":true,"href":"https:\/\/www.redime.com.ec\/portal\/wp-json\/wp\/v2\/comments?post=2911"}],"version-history":[{"count":45,"href":"https:\/\/www.redime.com.ec\/portal\/wp-json\/wp\/v2\/pages\/2911\/revisions"}],"predecessor-version":[{"id":3501,"href":"https:\/\/www.redime.com.ec\/portal\/wp-json\/wp\/v2\/pages\/2911\/revisions\/3501"}],"wp:attachment":[{"href":"https:\/\/www.redime.com.ec\/portal\/wp-json\/wp\/v2\/media?parent=2911"}],"curies":[{"name":"wp","href":"https:\/\/api.w.org\/{rel}","templated":true}]}}